{"id":8088,"date":"2018-07-24T04:02:37","date_gmt":"2018-07-24T04:02:37","guid":{"rendered":"http:\/\/clinicaradiologicadeilheus.com.br\/site_novo\/?page_id=8088"},"modified":"2021-04-18T12:37:37","modified_gmt":"2021-04-18T12:37:37","slug":"ultrassonografia","status":"publish","type":"page","link":"https:\/\/clinicaradiologicadeilheus.com.br\/site_novo\/ultrassonografia\/","title":{"rendered":"Ultrassonografia"},"content":{"rendered":"<p>[vc_section full_width=&#8221;stretch_row&#8221; css=&#8221;.vc_custom_1531806020000{margin-top: 0px !important;margin-bottom: 0px !important;padding-top: 80px !important;padding-bottom: 66px !important;}&#8221; el_class=&#8221;background-position-top-custom&#8221;][vc_row gap=&#8221;35&#8243;][vc_column width=&#8221;7\/12&#8243; css=&#8221;.vc_custom_1531977200592{margin-top: 0px !important;margin-bottom: 0px !important;padding-top: 0px !important;padding-bottom: 0px !important;}&#8221; offset=&#8221;vc_col-lg-8 vc_col-md-8 vc_col-xs-12&#8243;][vc_single_image image=&#8221;8680&#8243; img_size=&#8221;full&#8221; css_animation=&#8221;fadeInUp&#8221; css=&#8221;.vc_custom_1618009465971{margin-top: 0px !important;margin-bottom: 0px !important;padding-top: 0px !important;padding-bottom: 0px !important;}&#8221;][vc_custom_heading text=&#8221;Ultrassonografia&#8221; font_container=&#8221;tag:h2|font_size:36px|text_align:left|color:%23006038|line_height:40px&#8221; use_theme_fonts=&#8221;yes&#8221; css_animation=&#8221;none&#8221; css=&#8221;.vc_custom_1618009490552{margin-top: 36px !important;margin-bottom: 0px !important;padding-top: 0px !important;padding-bottom: 0px !important;}&#8221;][vc_custom_heading 1=&#8221;&#8221; 2=&#8221;align=&#8220;&#8220;justify&#8220;&#8220;&gt;A&#8221; 3=&#8221;mamografia&#8221; 4=&#8221;digital&#8221; 5=&#8221;\u00e9&#8221; 6=&#8221;uma&#8221; 7=&#8221;radiografia&#8221; 8=&#8221;das&#8221; 9=&#8221;mamas,&#8221; 10=&#8221;um&#8221; 11=&#8221;exame&#8221; 12=&#8221;de&#8221; 13=&#8221;diagn\u00f3stico&#8221; 14=&#8221;por&#8221; 15=&#8221;imagem.&#8221; 16=&#8221;Assim&#8221; 17=&#8221;como&#8221; 18=&#8221;a&#8221; 19=&#8221;mamografia&#8221; 20=&#8221;convencional,&#8221; 21=&#8221;sua&#8221; 22=&#8221;vers\u00e3o&#8221; 23=&#8221;digital&#8221; 24=&#8221;\u00e9&#8221; 25=&#8221;realizada&#8221; 26=&#8221;por&#8221; 27=&#8221;meio&#8221; 28=&#8221;de&#8221; 29=&#8221;um&#8221; 30=&#8221;aparelho&#8221; 31=&#8221;de&#8221; 32=&#8221;raio-x&#8221; 33=&#8221;chamado&#8221; 34=&#8221;mam\u00f3grafo.&#8221; 35=&#8221;&#8220;&#8221; text=&#8221;A Ultrassonografia ou Ecografia \u00e9 um exame complementar, n\u00e3o invasivo, que auxilia na avalia\u00e7\u00e3o de les\u00f5es focais ou difusas em \u00f3rg\u00e3os internos, como por exemplo, f\u00edgado, p\u00e2ncreas, ba\u00e7o, rins, pr\u00f3stata, mamas, tireoide, entre outros. Nas \u00e1reas da Reumatologia e Ortopedia permite avaliar estruturas osteo-articulares como: tend\u00f5es, sinovial, articula\u00e7\u00f5es e bursas. Na Ginecologia e Obstetr\u00edcia, permite analisar patologia ginecol\u00f3gicas e na Obstetr\u00edcia, o acompanhamento gestacional.&#8221; font_container=&#8221;tag:p|font_size:15px|text_align:left|color:%23434343|line_height:26px&#8221; use_theme_fonts=&#8221;yes&#8221; css_animation=&#8221;none&#8221; css=&#8221;.vc_custom_1618084965785{margin-top: 24px !important;margin-bottom: 0px !important;padding-top: 0px !important;padding-bottom: 0px !important;}&#8221;][vc_custom_heading text=&#8221;Exames e orienta\u00e7\u00f5es&#8221; font_container=&#8221;tag:h3|font_size:40px|text_align:center|color:%23006038|line_height:28px&#8221; use_theme_fonts=&#8221;yes&#8221; css_animation=&#8221;none&#8221; css=&#8221;.vc_custom_1618080932079{margin-top: 28px !important;margin-bottom: 0px !important;padding-top: 0px !important;padding-bottom: 0px !important;}&#8221;][vc_empty_space][vc_tta_accordion active_section=&#8221;0&#8243; collapsible_all=&#8221;true&#8221;][vc_tta_section title=&#8221;Ultrassonografia \u2013 Gl\u00e2ndulas Salivares&#8221; tab_id=&#8221;1618008499524-f69f3096-752f&#8221;][vc_column_text]<b>Orienta\u00e7\u00e3o e preparos para o exame:<\/b><br \/>\nChegar com 20 minutos de anteced\u00eancia.<br \/>\nTrazer exames anteriores.[\/vc_column_text][\/vc_tta_section][vc_tta_section title=&#8221;Ultrassonografia \u2013 Tor\u00e1cico extracard\u00edaco &#8211; t\u00f3rax&#8221; tab_id=&#8221;1618008499524-9cadb2f7-f933&#8243;][vc_column_text]<b>Orienta\u00e7\u00e3o e preparos para o exame:<\/b><br \/>\nChegar com 20 minutos de anteced\u00eancia.<br \/>\nN\u00e3o passar creme, talco ou anti-transpirante na regi\u00e3o das mamas.<br \/>\nTrazer exames anteriores.[\/vc_column_text][\/vc_tta_section][vc_tta_section title=&#8221;Ultrassonografia \u2013 Mamas&#8221; tab_id=&#8221;1618009662930-8d6806ad-bd9e&#8221;][vc_column_text]<b>Orienta\u00e7\u00e3o e preparos para o exame:<\/b><br \/>\nN\u00e3o tem preparo.<br \/>\nChegar com 20 minutos de anteced\u00eancia.[\/vc_column_text][\/vc_tta_section][vc_tta_section title=&#8221;Ultrassonografia \u2013 Abdome Total &#8211; abdome superior, bexiga, aorta, via cava inferior e adrenais&#8221; tab_id=&#8221;1618010708637-6e0dd961-4ad0&#8243;][vc_column_text]<b>Orienta\u00e7\u00e3o e preparos para o exame:<\/b><br \/>\n(Per\u00edodo da Manh\u00e3)<br \/>\nJejum Alimentar de 8 horas.<br \/>\nBexiga cheia \u2013 Tomar 6 copos de \u00e1gua 1 hora antes do exame.<br \/>\nTrazer exames anteriores.<br \/>\nChegar com 20 minutos de anteced\u00eancia.<\/p>\n<p>(Per\u00edodo da Tarde)<br \/>\nJejum Alimentar de 4 horas \u2013 tomar caf\u00e9 leve pela manh\u00e3 e se manter em jejum at\u00e9 o exame.<br \/>\nBexiga cheia \u2013 Tomar 6 copos de \u00e1gua 1 hora antes do exame.<br \/>\nTrazer exames anteriores.<br \/>\nChegar com 20 minutos de anteced\u00eancia.[\/vc_column_text][\/vc_tta_section][vc_tta_section title=&#8221;Doppler Hep\u00e1tico&#8221; tab_id=&#8221;1618010727335-e3dc50c8-4e00&#8243;][vc_column_text]<b>Orienta\u00e7\u00e3o e preparos para o exame:<\/b><br \/>\nJejum alimentar de 8 horas.<br \/>\nTrazer exames anteriores.<br \/>\nChegar com 20 minutos de anteced\u00eancia.[\/vc_column_text][\/vc_tta_section][vc_tta_section title=&#8221;Ultrassonografia \u2013 Abdome superior &#8211; f\u00edgado, vias biliares, ves\u00edcula, p\u00e2ncreas, hipoc\u00f4ndrio e ba\u00e7o&#8221; tab_id=&#8221;1618010752764-f2ba2d8a-4031&#8243;][vc_column_text]<b>Orienta\u00e7\u00e3o e preparos para o exame:<\/b><br \/>\n(Per\u00edodo da Manh\u00e3)<br \/>\nJejum Alimentar de 8 horas.<br \/>\nTrazer exames anteriores.<br \/>\nChegar com 20 minutos de anteced\u00eancia.<\/p>\n<p>(Per\u00edodo da Tarde)<br \/>\nJejum Alimentar de 4 horas.<br \/>\nTrazer exames anteriores.<br \/>\nChegar com 20 minutos de anteced\u00eancia.[\/vc_column_text][\/vc_tta_section][vc_tta_section title=&#8221;Ultrassonografia \u2013 Retroperit\u00f4nio &#8211; grandes vasos ou adrenais&#8221; tab_id=&#8221;1618010772078-633adb20-3799&#8243;][\/vc_tta_section][vc_tta_section title=&#8221;Ultrassonografia \u2013 Abdome Inferior Masculino &#8211; bexiga, pr\u00f3stata e ves\u00edculas seminais&#8221; tab_id=&#8221;1618010793332-d8e639b2-7e46&#8243;][vc_column_text]<b>Orienta\u00e7\u00e3o e preparos para o exame:<\/b><br \/>\nN\u00e3o tem preparo.<br \/>\nChegar com 20 minutos de anteced\u00eancia.[\/vc_column_text][\/vc_tta_section][vc_tta_section title=&#8221;Ultrassonografia \u2013 Abdome Inferior Feminino &#8211; bexiga, \u00fatero, ov\u00e1rio e anexos&#8221; tab_id=&#8221;1618078198047-058f6be3-de30&#8243;][vc_column_text]<b>Orienta\u00e7\u00e3o e preparos para o exame:<\/b><br \/>\nBexiga cheia \u2013 Tomar 6 copos de \u00e1gua 1 hora antes do exame).<br \/>\nTrazer exames anteriores.<br \/>\nChegar com 20 minutos de anteced\u00eancia.[\/vc_column_text][\/vc_tta_section][vc_tta_section title=&#8221;Ultrassonografia P\u00e9lvica Ginecol\u00f3gica &#8211; abdome inferior feminino&#8221; tab_id=&#8221;1618078221529-ecfda1e9-7e93&#8243;][vc_column_text]<b>Orienta\u00e7\u00e3o e preparos para o exame:<\/b><br \/>\nBexiga cheia \u2013 Tomar 6 copos de \u00e1gua 1 hora antes do exame.<br \/>\nTrazer exames anteriores.<br \/>\nChegar com 20 minutos de anteced\u00eancia.[\/vc_column_text][\/vc_tta_section][vc_tta_section title=&#8221;Ultrassonografia \u2013 \u00d3rg\u00e3os Superficiais &#8211; tireoide, escroto, p\u00eanis ou cr\u00e2nio&#8221; tab_id=&#8221;1618078242711-c5dde464-b9ef&#8221;][vc_column_text]<b>Orienta\u00e7\u00e3o e preparos para o exame:<\/b><br \/>\nBexiga cheia \u2013 Tomar 6 copos de \u00e1gua 1 hora antes do exame.<br \/>\nTrazer exames anteriores<br \/>\nChegar com 20 minutos de anteced\u00eancia.[\/vc_column_text][\/vc_tta_section][vc_tta_section title=&#8221;Ultrassonografia \u2013 Estruturas Superficiais &#8211; cervical, axilares, m\u00fasculo ou tend\u00e3o&#8221; tab_id=&#8221;1618078266895-58b431b3-cf76&#8243;][vc_column_text]<b>Orienta\u00e7\u00e3o e preparos para o exame:<\/b><br \/>\nN\u00e3o tem preparo.<br \/>\nChegar com 20 minutos de anteced\u00eancia.[\/vc_column_text][\/vc_tta_section][vc_tta_section title=&#8221;Ultrassonografia \u2013 Articular Unilateral&#8221; tab_id=&#8221;1618078288645-09fc551c-6b8a&#8221;][vc_column_text]<b>Orienta\u00e7\u00e3o e preparos para o exame:<\/b><br \/>\nN\u00e3o tem preparo.<br \/>\nChegar com 20 minutos de anteced\u00eancia.[\/vc_column_text][\/vc_tta_section][vc_tta_section title=&#8221;Ultrassonografia \u2013 Obst\u00e9trica Convencional (qualquer idade gestacional)&#8221; tab_id=&#8221;1618078307215-b77c7bd5-d6e8&#8243;][vc_column_text]<b>Orienta\u00e7\u00e3o e preparos para o exame:<\/b><br \/>\nN\u00e3o tem preparo.<br \/>\nChegar com 20 minutos de anteced\u00eancia.[\/vc_column_text][\/vc_tta_section][vc_tta_section title=&#8221;Ultrassonografia \u2013 Obst\u00e9trica Convencional dom Doppler Colorido&#8221; tab_id=&#8221;1618078323472-094567c7-9742&#8243;][vc_column_text]<b>Orienta\u00e7\u00e3o e preparos para o exame:<\/b><br \/>\nN\u00e3o tem preparo.<br \/>\nChegar com 20 minutos de anteced\u00eancia.[\/vc_column_text][\/vc_tta_section][vc_tta_section title=&#8221;Ultrassonografia \u2013 Obst\u00e9trica Transluc\u00eancia Nucal &#8211; entre 11 e 13 semanas&#8221; tab_id=&#8221;1618078349664-434677bc-4466&#8243;][vc_column_text]<b>Orienta\u00e7\u00e3o e preparos para o exame:<\/b><br \/>\nN\u00e3o tem preparo.<br \/>\nChegar com 20 minutos de anteced\u00eancia.[\/vc_column_text][\/vc_tta_section][vc_tta_section title=&#8221;Ultrassonografia \u2013 Obst\u00e9trica Gesta\u00e7\u00e3o M\u00faltipla&#8221; tab_id=&#8221;1618078382146-97ebca4f-140e&#8221;][vc_column_text]<b>Orienta\u00e7\u00e3o e preparos para o exame:<\/b><br \/>\nN\u00e3o tem preparo.<br \/>\nChegar com 20 minutos de anteced\u00eancia.[\/vc_column_text][\/vc_tta_section][vc_tta_section title=&#8221;Ultrassonografia \u2013 Obst\u00e9trica Gesta\u00e7\u00e3o M\u00faltipla com Doppler Colorido&#8221; tab_id=&#8221;1618078406861-6435858b-9471&#8243;][vc_column_text]<b>Orienta\u00e7\u00e3o e preparos para o exame:<\/b><br \/>\nN\u00e3o tem preparo.<br \/>\nChegar com 20 minutos de anteced\u00eancia.[\/vc_column_text][\/vc_tta_section][vc_tta_section title=&#8221;Ultrassonografia \u2013 Obst\u00e9trica 1\u00ba Trimestre (endovaginal) &#8211; n\u00e3o inclui 3D ou 4D&#8221; tab_id=&#8221;1618078425695-78667f5a-ad2b&#8221;][vc_column_text]<b>Orienta\u00e7\u00e3o e preparos para o exame:<\/b><br \/>\nN\u00e3o tem preparo.<br \/>\nChegar com 20 minutos de anteced\u00eancia.[\/vc_column_text][\/vc_tta_section][vc_tta_section title=&#8221;Ultrassonografia \u2013 P\u00e9lvica Transvaginal &#8211; \u00fatero, ov\u00e1rio, anexos e vagina&#8221; tab_id=&#8221;1618078446264-075f901c-ca0b&#8221;][vc_column_text]<b>Orienta\u00e7\u00e3o e preparos para o exame:<\/b><br \/>\nN\u00e3o tem preparo.<br \/>\nChegar com 20 minutos de anteced\u00eancia.[\/vc_column_text][\/vc_tta_section][vc_tta_section title=&#8221;Ultrassonografia P\u00e9lvica &#8211; Controle de Ovula\u00e7\u00e3o &#8211; Abdominal (3 ou mais exames)&#8221; tab_id=&#8221;1618078463765-cb827cc0-42c9&#8243;][vc_column_text]<b>Orienta\u00e7\u00e3o e preparos para o exame:<\/b><br \/>\nN\u00e3o tem preparo.<br \/>\nChegar com 20 minutos de anteced\u00eancia.[\/vc_column_text][\/vc_tta_section][vc_tta_section title=&#8221;Doppler Colorido Car\u00f3tidas e Vertebrais &#8211; bilateral&#8221; tab_id=&#8221;1618078479579-c5542c53-a48a&#8221;][vc_column_text]<b>Orienta\u00e7\u00e3o e preparos para o exame:<\/b><br \/>\nN\u00e3o tem preparo.<br \/>\nChegar com 20 minutos de anteced\u00eancia.[\/vc_column_text][\/vc_tta_section][vc_tta_section title=&#8221;Mapeamento para Endometriose&#8221; tab_id=&#8221;1618078496732-b257b05b-6c66&#8243;][vc_column_text]<b>Orienta\u00e7\u00e3o e preparos para o exame:<\/b><br \/>\nJejum alimentar de 8 horas.<br \/>\nTomar 40 gotas de luftal de 6\/6 horas, a partir do dia anterior ao exame.<br \/>\nBexiga cheia \u2013 Tomar 6 copos de \u00e1gua 1 hora antes do exame.<br \/>\nTomar luftal 40 gotas de 6\/6 horas, a partir do exame anterior ao exame.<br \/>\nTomar 1 comprimido de Dulcolax (laxante) na tarde anterior ao exame.<br \/>\nTrazer exames anteriores.<br \/>\nChegar com 20 minutos de anteced\u00eancia.[\/vc_column_text][\/vc_tta_section][vc_tta_section title=&#8221;Doppler Colorido de \u00d3rg\u00e3os e Estrutura Isolada &#8211; rins, tire\u00f3ide, ov\u00e1rio, bolsa escrotal&#8221; tab_id=&#8221;1618078511537-5407d58d-51e6&#8243;][vc_column_text]<b>Orienta\u00e7\u00e3o e preparos para o exame:<\/b><br \/>\nN\u00e3o tem preparo.<br \/>\nChegar com 20 minutos de anteced\u00eancia.[\/vc_column_text][\/vc_tta_section][vc_tta_section title=&#8221;Power Doppler &#8211; por membro&#8221; tab_id=&#8221;1618078534147-6c747e85-db80&#8243;][vc_column_text]<b>Orienta\u00e7\u00e3o e preparos para o exame:<\/b><br \/>\nN\u00e3o tem preparo.<br \/>\nChegar com 20 minutos de anteced\u00eancia.[\/vc_column_text][\/vc_tta_section][vc_tta_section title=&#8221;Doppler Colorido de Aorta e Art\u00e9rias Renais&#8221; tab_id=&#8221;1618078556454-3edddf35-57b1&#8243;][vc_column_text]<b>Orienta\u00e7\u00e3o e preparos para o exame:<\/b><br \/>\nTomar 40 gotas de luftal de 6\/6 horas, a partir do dia anterior ao exame.[\/vc_column_text][\/vc_tta_section][vc_tta_section title=&#8221;Ultrassonografia \u2013 Pr\u00f3stata &#8211; via abdominal&#8221; tab_id=&#8221;1618078584471-519f5aa0-55c6&#8243;][vc_column_text]<b>Orienta\u00e7\u00e3o e preparos para o exame:<\/b><br \/>\nBexiga cheia \u2013 Tomar 6 copos de \u00e1gua 1 hora antes do exame).<br \/>\nTrazer exames anteriores.<br \/>\nChegar com 20 minutos de anteced\u00eancia.[\/vc_column_text][\/vc_tta_section][vc_tta_section title=&#8221;Ultrassonografia \u2013 Aparelho Urin\u00e1rio &#8211; Masculino ou Feminino&#8221; tab_id=&#8221;1618078620775-8f956690-793f&#8221;][vc_column_text]<b>Orienta\u00e7\u00e3o e preparos para o exame:<\/b><br \/>\nBexiga cheia \u2013 Tomar 6 copos de \u00e1gua 1 hora antes do exame).<br \/>\nTrazer exames anteriores.<br \/>\nChegar com 20 minutos de anteced\u00eancia.[\/vc_column_text][\/vc_tta_section][\/vc_tta_accordion][\/vc_column][vc_column width=&#8221;5\/12&#8243; css=&#8221;.vc_custom_1531977384221{padding-left: 20px !important;}&#8221; offset=&#8221;vc_col-lg-4 vc_col-md-4 vc_col-xs-12&#8243;][vc_row_inner css=&#8221;.vc_custom_1531734883992{margin-top: 0px !important;margin-bottom: 0px !important;padding-top: 0px !important;padding-right: 0px !important;padding-bottom: 0px !important;padding-left: 0px !important;}&#8221; el_class=&#8221;box-shadow&#8221;][vc_column_inner css=&#8221;.vc_custom_1531733996221{margin-top: 0px !important;margin-bottom: 0px !important;padding-top: 0px !important;padding-right: 0px !important;padding-bottom: 0px !important;padding-left: 0px !important;}&#8221;][vc_custom_heading text=&#8221;Nossos Exames&#8221; font_container=&#8221;tag:h3|font_size:18px|text_align:left|color:%232b2b2b|line_height:24px&#8221; use_theme_fonts=&#8221;yes&#8221; css=&#8221;.vc_custom_1618079744841{margin-top: 0px !important;margin-bottom: 0px !important;padding-top: 18px !important;padding-right: 17px !important;padding-bottom: 18px !important;padding-left: 28px !important;}&#8221; el_class=&#8221;font-weight-bold&#8221;]<!-- radiantthemes-custom-menu --><div class=\"radiantthemes-custom-menu element-one rt100410649 vertical-menu\"    ><ul id=\"menu-all-departments\" class=\"menu rt-mega-menu-transition-slide\"><li id=\"menu-item-8109\" class=\"menu-item menu-item-type-post_type menu-item-object-page menu-flyout rt-mega-menu-hover item-8109\"><a  href=\"https:\/\/clinicaradiologicadeilheus.com.br\/site_novo\/radiologia_digital\/\">Radiologia Digitalizada<\/a><\/li>\n<li id=\"menu-item-8108\" class=\"menu-item menu-item-type-post_type menu-item-object-page menu-flyout rt-mega-menu-hover item-8108\"><a  href=\"https:\/\/clinicaradiologicadeilheus.com.br\/site_novo\/mamografia_digital\/\">Mamografia Digitalizada<\/a><\/li>\n<li id=\"menu-item-8106\" class=\"menu-item menu-item-type-post_type menu-item-object-page menu-flyout rt-mega-menu-hover item-8106\"><a  href=\"https:\/\/clinicaradiologicadeilheus.com.br\/site_novo\/ultrassonografia\/\">Ultrassonografia<\/a><\/li>\n<\/ul><\/div>\r<!-- radiantthemes-custom-menu -->\r[\/vc_column_inner][\/vc_row_inner][vc_row_inner css=&#8221;.vc_custom_1531735838589{margin-top: 28px !important;margin-bottom: 0px !important;padding-top: 0px !important;padding-right: 0px !important;padding-bottom: 0px !important;padding-left: 0px !important;}&#8221;][vc_column_inner css=&#8221;.vc_custom_1531807475100{margin-top: 0px !important;margin-bottom: 0px !important;padding-top: 20px !important;padding-right: 26px !important;padding-bottom: 14px !important;padding-left: 26px !important;background-image: url(http:\/\/clinicaradiologicadeilheus.com.br\/site_novo\/wp-content\/uploads\/2018\/07\/Opening-Hours.jpg?id=8029) !important;background-position: center !important;background-repeat: no-repeat !important;background-size: cover !important;}&#8221;][vc_custom_heading text=&#8221;Hor\u00e1rio de Atendimento:&#8221; font_container=&#8221;tag:h3|font_size:18px|text_align:left|color:%23ffffff|line_height:24px&#8221; use_theme_fonts=&#8221;yes&#8221; css=&#8221;.vc_custom_1618008677705{margin-top: 0px !important;margin-bottom: 0px !important;padding-top: 0px !important;padding-bottom: 0px !important;}&#8221; el_class=&#8221;font-weight-bold&#8221;][vc_raw_html el_class=&#8221;opening-hours2&#8243; css=&#8221;.vc_custom_1618008739364{margin-top: 20px !important;margin-bottom: 0px !important;padding-top: 0px !important;padding-bottom: 0px !important;}&#8221;]JTNDdGFibGUlMjBjbGFzcyUzRCUyMnRhYmxlJTIyJTIwc3R5bGUlM0QlMjJjb2xvciUzQSUyM2ZmZiUzQiUyMiUzRSUwQSUwOSUzQ3Rib2R5JTNFJTNDdHIlM0UlMEElMDklMDklM0N0ZCUzRVNlZ3VuZGElMjAtJTIwU2V4dGElM0MlMkZ0ZCUzRSUwQSUwOSUwOSUzQ3RkJTIwY2xhc3MlM0QlMjJ0ZXh0LXJpZ2h0JTIyJTNFOCUzQTAwJTIwJUUyJTgwJTkzJTIwMTglM0EwMCUzQyUyRnRkJTNFJTBBJTA5JTNDJTJGdHIlM0UlMEElMDklM0N0ciUzRSUwQSUwOSUwOSUzQ3RkJTNFUyVDMyVBMWJhZG8lM0MlMkZ0ZCUzRSUwQSUwOSUwOSUzQ3RkJTIwY2xhc3MlM0QlMjJ0ZXh0LXJpZ2h0JTIyJTNFOCUzQTAwJTIwJUUyJTgwJTkzJTIwMTIlM0EuMDAlM0MlMkZ0ZCUzRSUwQSUwOSUzQyUyRnRyJTNFJTBBJTBBJTNDdHIlM0UlMEElMDklMDklM0N0ZCUzRUZlcmlhZG8lMjAlM0MlMkZ0ZCUzRSUwQSUwOSUwOSUzQ3RkJTIwY2xhc3MlM0QlMjJ0ZXh0LXJpZ2h0JTIyJTNFJTIwJTIwRmVjaGFkbyUzQyUyRnRkJTNFJTBBJTA5JTNDJTJGdHIlM0UlMEElM0MlMkZ0Ym9keSUzRSUzQyUyRnRhYmxlJTNF[\/vc_raw_html][\/vc_column_inner][\/vc_row_inner][vc_row_inner css=&#8221;.vc_custom_1531739068614{margin-top: 28px !important;margin-bottom: 0px !important;padding-top: 0px !important;padding-right: 0px !important;padding-bottom: 0px !important;padding-left: 0px !important;}&#8221; el_class=&#8221;box-shadow&#8221;][vc_column_inner css=&#8221;.vc_custom_1531808240094{margin-top: 0px !important;margin-bottom: 0px !important;padding-top: 20px !important;padding-right: 25px !important;padding-bottom: 25px !important;padding-left: 25px !important;}&#8221;][vc_custom_heading text=&#8221;Agende seu exame&#8221; font_container=&#8221;tag:h3|font_size:18px|text_align:left|color:%232b2b2b|line_height:24px&#8221; use_theme_fonts=&#8221;yes&#8221; css=&#8221;.vc_custom_1618008761896{margin-top: 0px !important;margin-bottom: 0px !important;padding-top: 0px !important;padding-right: 0px !important;padding-bottom: 26px !important;padding-left: 0px !important;}&#8221; el_class=&#8221;font-weight-bold&#8221;]\r<!-- rt-cf7 -->\r<div class=\"radiant-contact-form rta30084a0c77bb0b element-one \"  >\n<div class=\"wpcf7 no-js\" id=\"wpcf7-f8030-o1\" lang=\"en-US\" dir=\"ltr\" data-wpcf7-id=\"8030\">\n<div class=\"screen-reader-response\"><p role=\"status\" aria-live=\"polite\" aria-atomic=\"true\"><\/p> <ul><\/ul><\/div>\n<form action=\"\/site_novo\/wp-json\/wp\/v2\/pages\/8088#wpcf7-f8030-o1\" method=\"post\" class=\"wpcf7-form init\" aria-label=\"Contact form\" novalidate=\"novalidate\" data-status=\"init\">\n<div style=\"display: none;\">\n<input type=\"hidden\" name=\"_wpcf7\" value=\"8030\" \/>\n<input type=\"hidden\" name=\"_wpcf7_version\" value=\"6.0.6\" \/>\n<input type=\"hidden\" name=\"_wpcf7_locale\" value=\"en_US\" \/>\n<input type=\"hidden\" name=\"_wpcf7_unit_tag\" value=\"wpcf7-f8030-o1\" \/>\n<input type=\"hidden\" name=\"_wpcf7_container_post\" value=\"0\" \/>\n<input type=\"hidden\" name=\"_wpcf7_posted_data_hash\" value=\"\" \/>\n<\/div>\n<div class=\"row\">\n\t<div class=\"col-lg-12 col-md-12 col-sm-12 col-xs-12\">\n\t\t<div class=\"form-row\">\n\t\t\t<p><span class=\"wpcf7-form-control-wrap\" data-name=\"YourName\"><input size=\"40\" maxlength=\"400\" class=\"wpcf7-form-control wpcf7-text wpcf7-validates-as-required\" aria-required=\"true\" aria-invalid=\"false\" placeholder=\"Your Name\" value=\"\" type=\"text\" name=\"YourName\" \/><\/span>\n\t\t\t<\/p>\n\t\t<\/div>\n\t<\/div>\n\t<div class=\"col-lg-12 col-md-12 col-sm-12 col-xs-12\">\n\t\t<div class=\"form-row\">\n\t\t\t<p><span class=\"wpcf7-form-control-wrap\" data-name=\"YourEmail\"><input size=\"40\" maxlength=\"400\" class=\"wpcf7-form-control wpcf7-email wpcf7-validates-as-required wpcf7-text wpcf7-validates-as-email\" aria-required=\"true\" aria-invalid=\"false\" placeholder=\"Email\" value=\"\" type=\"email\" name=\"YourEmail\" \/><\/span>\n\t\t\t<\/p>\n\t\t<\/div>\n\t<\/div>\n\t<div class=\"col-lg-12 col-md-12 col-sm-12 col-xs-12\">\n\t\t<div class=\"form-row\">\n\t\t\t<p><span class=\"wpcf7-form-control-wrap\" data-name=\"Doctor\"><select class=\"wpcf7-form-control wpcf7-select\" aria-invalid=\"false\" name=\"Doctor\"><option value=\"Doctor\">Doctor<\/option><option value=\"Doctor1\">Doctor1<\/option><option value=\"Doctor2\">Doctor2<\/option><option value=\"Doctor3\">Doctor3<\/option><\/select><\/span>\n\t\t\t<\/p>\n\t\t<\/div>\n\t<\/div>\n\t<div class=\"col-lg-12 col-md-12 col-sm-12 col-xs-12\">\n\t\t<div class=\"form-row\">\n\t\t\t<p><span class=\"wpcf7-form-control-wrap\" data-name=\"SelectAppointment\"><input size=\"40\" maxlength=\"400\" class=\"wpcf7-form-control wpcf7-text\" aria-invalid=\"false\" placeholder=\"Select Appointment\" value=\"\" type=\"text\" name=\"SelectAppointment\" \/><\/span>\n\t\t\t<\/p>\n\t\t<\/div>\n\t<\/div>\n\t<div class=\"col-lg-12 col-md-12 col-sm-12 col-xs-12\">\n\t\t<div class=\"form-row\">\n\t\t\t<p><span class=\"wpcf7-form-control-wrap\" data-name=\"Message\"><textarea cols=\"40\" rows=\"10\" maxlength=\"2000\" class=\"wpcf7-form-control wpcf7-textarea\" aria-invalid=\"false\" placeholder=\"Message\" name=\"Message\"><\/textarea><\/span>\n\t\t\t<\/p>\n\t\t<\/div>\n\t<\/div>\n\t<div class=\"col-lg-12 col-md-12 col-sm-12 col-xs-12\">\n\t\t<div class=\"form-row text-center\">\n\t\t\t<p><input class=\"wpcf7-form-control wpcf7-submit has-spinner custom-btn-submit text-center\" type=\"submit\" value=\"BOOK APPOINTMENT\" \/>\n\t\t\t<\/p>\n\t\t<\/div>\n\t<\/div>\n<\/div><p style=\"display: none !important;\" class=\"akismet-fields-container\" data-prefix=\"_wpcf7_ak_\"><label>&#916;<textarea name=\"_wpcf7_ak_hp_textarea\" cols=\"45\" rows=\"8\" maxlength=\"100\"><\/textarea><\/label><input type=\"hidden\" id=\"ak_js_1\" name=\"_wpcf7_ak_js\" value=\"85\"\/><script>document.getElementById( \"ak_js_1\" ).setAttribute( \"value\", ( new Date() ).getTime() );<\/script><\/p><div class=\"wpcf7-response-output\" aria-hidden=\"true\"><\/div>\n<\/form>\n<\/div>\n<div class=\"clearfix\"><\/div><\/div><!-- rt-cf7 -->\r[\/vc_column_inner][\/vc_row_inner][\/vc_column][\/vc_row][\/vc_section]<\/p>\n","protected":false},"excerpt":{"rendered":"<p>[vc_section full_width=&#8221;stretch_row&#8221; css=&#8221;.vc_custom_1531806020000{margin-top: 0px !important;margin-bottom: 0px !important;padding-top: 80px !important;padding-bottom: 66px !important;}&#8221; el_class=&#8221;background-position-top-custom&#8221;][vc_row gap=&#8221;35&#8243;][vc_column width=&#8221;7\/12&#8243; css=&#8221;.vc_custom_1531977200592{margin-top: 0px !important;margin-bottom: 0px !important;padding-top: 0px !important;padding-bottom: 0px !important;}&#8221; offset=&#8221;vc_col-lg-8 vc_col-md-8 vc_col-xs-12&#8243;][vc_single_image image=&#8221;8680&#8243; img_size=&#8221;full&#8221; css_animation=&#8221;fadeInUp&#8221; css=&#8221;.vc_custom_1618009465971{margin-top: 0px !important;margin-bottom: 0px !important;padding-top: 0px !important;padding-bottom: 0px !important;}&#8221;][vc_custom_heading text=&#8221;Ultrassonografia&#8221; font_container=&#8221;tag:h2|font_size:36px|text_align:left|color:%23006038|line_height:40px&#8221; use_theme_fonts=&#8221;yes&#8221; css_animation=&#8221;none&#8221; css=&#8221;.vc_custom_1618009490552{margin-top: 36px !important;margin-bottom: 0px !important;padding-top: 0px !important;padding-bottom: 0px !important;}&#8221;][vc_custom_heading 1=&#8221;&#8221; 2=&#8221;align=&#8220;&#8220;justify&#8220;&#8220;&gt;A&#8221; 3=&#8221;mamografia&#8221; 4=&#8221;digital&#8221;&hellip;&nbsp;<\/p>\n","protected":false},"author":1,"featured_media":0,"parent":0,"menu_order":0,"comment_status":"closed","ping_status":"closed","template":"","meta":{"pagelayer_contact_templates":[],"_pagelayer_content":"","neve_meta_sidebar":"","neve_meta_container":"","neve_meta_enable_content_width":"","neve_meta_content_width":0,"neve_meta_title_alignment":"","neve_meta_author_avatar":"","neve_post_elements_order":"","neve_meta_disable_header":"","neve_meta_disable_footer":"","neve_meta_disable_title":"","footnotes":""},"class_list":["post-8088","page","type-page","status-publish","hentry"],"_links":{"self":[{"href":"https:\/\/clinicaradiologicadeilheus.com.br\/site_novo\/wp-json\/wp\/v2\/pages\/8088","targetHints":{"allow":["GET"]}}],"collection":[{"href":"https:\/\/clinicaradiologicadeilheus.com.br\/site_novo\/wp-json\/wp\/v2\/pages"}],"about":[{"href":"https:\/\/clinicaradiologicadeilheus.com.br\/site_novo\/wp-json\/wp\/v2\/types\/page"}],"author":[{"embeddable":true,"href":"https:\/\/clinicaradiologicadeilheus.com.br\/site_novo\/wp-json\/wp\/v2\/users\/1"}],"replies":[{"embeddable":true,"href":"https:\/\/clinicaradiologicadeilheus.com.br\/site_novo\/wp-json\/wp\/v2\/comments?post=8088"}],"version-history":[{"count":22,"href":"https:\/\/clinicaradiologicadeilheus.com.br\/site_novo\/wp-json\/wp\/v2\/pages\/8088\/revisions"}],"predecessor-version":[{"id":8778,"href":"https:\/\/clinicaradiologicadeilheus.com.br\/site_novo\/wp-json\/wp\/v2\/pages\/8088\/revisions\/8778"}],"wp:attachment":[{"href":"https:\/\/clinicaradiologicadeilheus.com.br\/site_novo\/wp-json\/wp\/v2\/media?parent=8088"}],"curies":[{"name":"wp","href":"https:\/\/api.w.org\/{rel}","templated":true}]}}