{"id":7991,"date":"2018-07-16T05:02:03","date_gmt":"2018-07-16T05:02:03","guid":{"rendered":"http:\/\/clinicaradiologicadeilheus.com.br\/site_novo\/?page_id=7991"},"modified":"2021-03-13T16:32:18","modified_gmt":"2021-03-13T16:32:18","slug":"a-cri","status":"publish","type":"page","link":"https:\/\/clinicaradiologicadeilheus.com.br\/site_novo\/a-cri\/","title":{"rendered":"A CRI"},"content":{"rendered":"<p>[vc_section full_width=&#8221;stretch_row&#8221; css=&#8221;.vc_custom_1531720195455{margin-top: 0px !important;margin-bottom: 0px !important;padding-top: 80px !important;padding-bottom: 0px !important;background-image: url(http:\/\/clinicaradiologicadeilheus.com.br\/site_novo\/wp-content\/uploads\/2018\/07\/background-about-image.jpg?id=7994) !important;background-position: center !important;background-repeat: no-repeat !important;background-size: contain !important;}&#8221; el_class=&#8221;background-position-top-custom&#8221;][vc_row full_width=&#8221;stretch_row&#8221; gap=&#8221;15&#8243; css=&#8221;.vc_custom_1531718492652{margin-top: 0px !important;margin-bottom: 0px !important;padding-top: 0px !important;padding-bottom: 90px !important;}&#8221;][vc_column css_animation=&#8221;fadeInUp&#8221; width=&#8221;1\/3&#8243; css=&#8221;.vc_custom_1533814435170{margin-top: 0px !important;margin-bottom: 0px !important;padding-top: 10px !important;padding-right: 0px !important;padding-bottom: 0px !important;padding-left: 0px !important;}&#8221;][vc_single_image image=&#8221;8571&#8243; img_size=&#8221;full&#8221; alignment=&#8221;center&#8221; css=&#8221;.vc_custom_1615410696085{margin-top: 0px !important;margin-bottom: 0px !important;padding-top: 0px !important;padding-bottom: 0px !important;}&#8221;][\/vc_column][vc_column css_animation=&#8221;fadeInRight&#8221; width=&#8221;2\/3&#8243; css=&#8221;.vc_custom_1533814449040{margin-top: 0px !important;margin-bottom: 0px !important;padding-top: 10px !important;padding-bottom: 0px !important;padding-left: 25px !important;}&#8221;][vc_custom_heading text=&#8221;A CRI &#8211; Cl\u00ednica Radiol\u00f3gica de Ilh\u00e9us&#8221; font_container=&#8221;tag:h2|font_size:36px|text_align:left|color:%232d2d2d|line_height:45px&#8221; use_theme_fonts=&#8221;yes&#8221; css_animation=&#8221;none&#8221; css=&#8221;.vc_custom_1615410316729{margin-top: 0px !important;margin-bottom: 0px !important;padding-top: 0px !important;padding-bottom: 0px !important;}&#8221;][vc_custom_heading text=&#8221;A Cl\u00ednica Radiol\u00f3gica de Ilh\u00e9us, foi fundada em setembro de 1979, com um modesto<br \/>\naparelho de RX, para realizar apenas os exames convencionais e de contraste (es\u00f4fago,<br \/>\nestomago e duodeno) e exames de enema opaco.&#8221; font_container=&#8221;tag:p|text_align:left|color:%23434343&#8243; use_theme_fonts=&#8221;yes&#8221; css_animation=&#8221;none&#8221; css=&#8221;.vc_custom_1615410353310{margin-top: 15px !important;margin-bottom: 0px !important;padding-top: 0px !important;padding-bottom: 0px !important;}&#8221;][vc_custom_heading text=&#8221;Ao longo dos anos os servi\u00e7os foram sendo ampliados, a clientela foi crescendo e<br \/>\natualmente contamos com aparelhos modernos, e de \u00faltima gera\u00e7\u00e3o o que proporciona<br \/>\naos profissionais trabalharem com seguran\u00e7a para fazer um bom diagn\u00f3stico.&#8221; font_container=&#8221;tag:p|text_align:left|color:%23434343&#8243; use_theme_fonts=&#8221;yes&#8221; css_animation=&#8221;none&#8221; css=&#8221;.vc_custom_1615410438814{margin-top: 0px !important;margin-bottom: 0px !important;padding-top: 11px !important;padding-bottom: 25px !important;}&#8221;][\/vc_column][\/vc_row][vc_row css=&#8221;.vc_custom_1615411558950{margin-top: 0px !important;margin-bottom: 0px !important;padding-top: 27px !important;padding-right: 30px !important;padding-bottom: 217px !important;padding-left: 30px !important;background-image: url(http:\/\/clinicaradiologicadeilheus.com.br\/site_novo\/wp-content\/uploads\/2018\/07\/about-image-2.jpg?id=7995) !important;background-position: center !important;background-repeat: no-repeat !important;background-size: cover !important;}&#8221;][vc_column css_animation=&#8221;none&#8221; width=&#8221;2\/3&#8243; css=&#8221;.vc_custom_1582279805053{margin-top: 0px !important;margin-bottom: 0px !important;padding-top: 0px !important;padding-right: 0px !important;padding-bottom: 0px !important;padding-left: 0px !important;}&#8221; offset=&#8221;vc_col-lg-6 vc_col-md-6 vc_col-xs-12&#8243;][vc_custom_heading text=&#8221;QUALIDADE NO SERVI\u00c7OS&#8221; font_container=&#8221;tag:h2|font_size:30px|text_align:left|color:%232d2d2d|line_height:38px&#8221; use_theme_fonts=&#8221;yes&#8221; css_animation=&#8221;none&#8221; css=&#8221;.vc_custom_1615410733904{margin-top: 0px !important;margin-bottom: 0px !important;padding-top: 0px !important;padding-bottom: 0px !important;}&#8221; el_class=&#8221;letter-spacing-0&#8243;][vc_custom_heading text=&#8221;Na <strong>Cl\u00ednica CRI<\/strong> disponibilizamos aparelhos com a mais alta tecnologia para diagn\u00f3sticos por imagem. Al\u00e9m disso, contamos com uma equipe de m\u00e9dicos<br \/>\nespecialistas que garantem muito mais confiabilidade e seguran\u00e7a no resultado dos seus exames!&#8221; font_container=&#8221;tag:p|text_align:left|color:%23434343&#8243; use_theme_fonts=&#8221;yes&#8221; css_animation=&#8221;none&#8221; css=&#8221;.vc_custom_1615652441084{margin-top: 10px !important;margin-bottom: 20px !important;padding-top: 0px !important;padding-bottom: 0px !important;}&#8221;]\r<!-- radiantthemes-custom-button -->\r<div class=\"radiantthemes-custom-button hover-style-one rt1359487114  letter-spacing-1 font-weight-semibold\"  data-button-direction=\"left\" data-button-fullwidth=\"false\"  data-button-icon-position=\"right\"><a style=\" color: #14a09d; line-height: 23px; font-size: 13px;\" class=\"radiantthemes-custom-button-main  vc_custom_1615410905460\" href=\"http:\/\/clinicaradiologicadeilheus.com.br\/site_novo\/contato\/\"  title=\"Contato\" target=\"_self\"><div class=\"placeholder\">FALE CONOSCO<i class=\"\"><\/i><\/div><\/a><\/div>\r<!-- radiantthemes-custom-button -->\r[\/vc_column][vc_column width=&#8221;1\/3&#8243; offset=&#8221;vc_col-lg-6 vc_col-md-6 vc_col-xs-12&#8243;][\/vc_column][\/vc_row][\/vc_section][vc_row][vc_column][vc_separator][\/vc_column][\/vc_row]<\/p>\n","protected":false},"excerpt":{"rendered":"<p>[vc_section full_width=&#8221;stretch_row&#8221; css=&#8221;.vc_custom_1531720195455{margin-top: 0px !important;margin-bottom: 0px !important;padding-top: 80px !important;padding-bottom: 0px !important;background-image: url(http:\/\/clinicaradiologicadeilheus.com.br\/site_novo\/wp-content\/uploads\/2018\/07\/background-about-image.jpg?id=7994) !important;background-position: center !important;background-repeat: no-repeat !important;background-size: contain !important;}&#8221; el_class=&#8221;background-position-top-custom&#8221;][vc_row full_width=&#8221;stretch_row&#8221; gap=&#8221;15&#8243; css=&#8221;.vc_custom_1531718492652{margin-top: 0px !important;margin-bottom: 0px !important;padding-top: 0px !important;padding-bottom: 90px !important;}&#8221;][vc_column css_animation=&#8221;fadeInUp&#8221; width=&#8221;1\/3&#8243; css=&#8221;.vc_custom_1533814435170{margin-top: 0px !important;margin-bottom: 0px !important;padding-top: 10px !important;padding-right: 0px !important;padding-bottom: 0px !important;padding-left: 0px !important;}&#8221;][vc_single_image image=&#8221;8571&#8243; img_size=&#8221;full&#8221; alignment=&#8221;center&#8221; css=&#8221;.vc_custom_1615410696085{margin-top: 0px !important;margin-bottom: 0px !important;padding-top: 0px&hellip;&nbsp;<\/p>\n","protected":false},"author":1,"featured_media":0,"parent":0,"menu_order":0,"comment_status":"closed","ping_status":"closed","template":"","meta":{"pagelayer_contact_templates":[],"_pagelayer_content":"","neve_meta_sidebar":"","neve_meta_container":"","neve_meta_enable_content_width":"","neve_meta_content_width":0,"neve_meta_title_alignment":"","neve_meta_author_avatar":"","neve_post_elements_order":"","neve_meta_disable_header":"","neve_meta_disable_footer":"","neve_meta_disable_title":"","footnotes":""},"class_list":["post-7991","page","type-page","status-publish","hentry"],"_links":{"self":[{"href":"https:\/\/clinicaradiologicadeilheus.com.br\/site_novo\/wp-json\/wp\/v2\/pages\/7991","targetHints":{"allow":["GET"]}}],"collection":[{"href":"https:\/\/clinicaradiologicadeilheus.com.br\/site_novo\/wp-json\/wp\/v2\/pages"}],"about":[{"href":"https:\/\/clinicaradiologicadeilheus.com.br\/site_novo\/wp-json\/wp\/v2\/types\/page"}],"author":[{"embeddable":true,"href":"https:\/\/clinicaradiologicadeilheus.com.br\/site_novo\/wp-json\/wp\/v2\/users\/1"}],"replies":[{"embeddable":true,"href":"https:\/\/clinicaradiologicadeilheus.com.br\/site_novo\/wp-json\/wp\/v2\/comments?post=7991"}],"version-history":[{"count":23,"href":"https:\/\/clinicaradiologicadeilheus.com.br\/site_novo\/wp-json\/wp\/v2\/pages\/7991\/revisions"}],"predecessor-version":[{"id":8635,"href":"https:\/\/clinicaradiologicadeilheus.com.br\/site_novo\/wp-json\/wp\/v2\/pages\/7991\/revisions\/8635"}],"wp:attachment":[{"href":"https:\/\/clinicaradiologicadeilheus.com.br\/site_novo\/wp-json\/wp\/v2\/media?parent=7991"}],"curies":[{"name":"wp","href":"https:\/\/api.w.org\/{rel}","templated":true}]}}